{"id":2,"date":"2023-12-17T22:35:59","date_gmt":"2023-12-17T21:35:59","guid":{"rendered":"http:\/\/www.4810restaurant.com\/?page_id=2"},"modified":"2025-12-13T16:16:32","modified_gmt":"2025-12-13T15:16:32","slug":"page-accueil","status":"publish","type":"page","link":"https:\/\/www.4810restaurant.com\/","title":{"rendered":"Bienvenue au 4810"},"content":{"rendered":"\n<p>Notre jeune Chef <strong><mark style=\"background-color:rgba(0, 0, 0, 0)\" class=\"has-inline-color has-vivid-cyan-blue-color\">Lena Michel<\/mark><\/strong> et son \u00e9quipe vous accueille pour un d\u00e9jeuner ou un diner convivial \u00e0 2 ou <strong>50<\/strong>&#8230;.<\/p>\n\n\n\n<div class=\"wp-block-buttons is-layout-flex wp-block-buttons-is-layout-flex\">\n<div class=\"wp-block-button\"><a class=\"wp-block-button__link wp-element-button\" href=\"https:\/\/ib.guestonline.fr\/instabook\/bookings\/2gclA8F\">R\u00e9server<\/a><\/div>\n<\/div>\n\n\n\n<figure class=\"wp-block-gallery has-nested-images columns-default is-cropped has-very-light-gray-to-cyan-bluish-gray-gradient-background has-background wp-block-gallery-1 is-layout-flex wp-block-gallery-is-layout-flex\">\n<figure data-wp-context=\"{&quot;imageId&quot;:&quot;69d2e120dc4c0&quot;}\" data-wp-interactive=\"core\/image\" data-wp-key=\"69d2e120dc4c0\" class=\"wp-block-image size-medium wp-lightbox-container\" id=\"Lena\"><img loading=\"lazy\" decoding=\"async\" width=\"286\" height=\"300\" data-wp-class--hide=\"state.isContentHidden\" data-wp-class--show=\"state.isContentVisible\" data-wp-init=\"callbacks.setButtonStyles\" data-wp-on--click=\"actions.showLightbox\" data-wp-on--load=\"callbacks.setButtonStyles\" data-wp-on-window--resize=\"callbacks.setButtonStyles\" data-id=\"62\" src=\"https:\/\/www.4810restaurant.com\/wp-content\/uploads\/2023\/12\/LENA-1-286x300.png\" alt=\"\" class=\"wp-image-62\" srcset=\"https:\/\/www.4810restaurant.com\/wp-content\/uploads\/2023\/12\/LENA-1-286x300.png 286w, https:\/\/www.4810restaurant.com\/wp-content\/uploads\/2023\/12\/LENA-1-975x1024.png 975w, https:\/\/www.4810restaurant.com\/wp-content\/uploads\/2023\/12\/LENA-1-768x806.png 768w, https:\/\/www.4810restaurant.com\/wp-content\/uploads\/2023\/12\/LENA-1.png 1164w\" sizes=\"auto, (max-width: 286px) 100vw, 286px\" \/><button\n\t\t\tclass=\"lightbox-trigger\"\n\t\t\ttype=\"button\"\n\t\t\taria-haspopup=\"dialog\"\n\t\t\taria-label=\"Enlarge\"\n\t\t\tdata-wp-init=\"callbacks.initTriggerButton\"\n\t\t\tdata-wp-on--click=\"actions.showLightbox\"\n\t\t\tdata-wp-style--right=\"state.imageButtonRight\"\n\t\t\tdata-wp-style--top=\"state.imageButtonTop\"\n\t\t>\n\t\t\t<svg xmlns=\"http:\/\/www.w3.org\/2000\/svg\" width=\"12\" height=\"12\" fill=\"none\" viewBox=\"0 0 12 12\">\n\t\t\t\t<path fill=\"#fff\" d=\"M2 0a2 2 0 0 0-2 2v2h1.5V2a.5.5 0 0 1 .5-.5h2V0H2Zm2 10.5H2a.5.5 0 0 1-.5-.5V8H0v2a2 2 0 0 0 2 2h2v-1.5ZM8 12v-1.5h2a.5.5 0 0 0 .5-.5V8H12v2a2 2 0 0 1-2 2H8Zm2-12a2 2 0 0 1 2 2v2h-1.5V2a.5.5 0 0 0-.5-.5H8V0h2Z\" \/>\n\t\t\t<\/svg>\n\t\t<\/button><figcaption class=\"wp-element-caption\">Toujours le sourire en cuisine<\/figcaption><\/figure>\n\n\n\n<figure class=\"wp-block-image size-large\"><img loading=\"lazy\" decoding=\"async\" width=\"790\" height=\"1024\" data-id=\"74\" src=\"https:\/\/www.4810restaurant.com\/wp-content\/uploads\/2023\/12\/IMG-20231013-WA0006-790x1024.jpg\" alt=\"\" class=\"wp-image-74\" srcset=\"https:\/\/www.4810restaurant.com\/wp-content\/uploads\/2023\/12\/IMG-20231013-WA0006-790x1024.jpg 790w, https:\/\/www.4810restaurant.com\/wp-content\/uploads\/2023\/12\/IMG-20231013-WA0006-232x300.jpg 232w, https:\/\/www.4810restaurant.com\/wp-content\/uploads\/2023\/12\/IMG-20231013-WA0006-768x995.jpg 768w, https:\/\/www.4810restaurant.com\/wp-content\/uploads\/2023\/12\/IMG-20231013-WA0006-1186x1536.jpg 1186w, https:\/\/www.4810restaurant.com\/wp-content\/uploads\/2023\/12\/IMG-20231013-WA0006.jpg 1235w\" sizes=\"auto, (max-width: 790px) 100vw, 790px\" \/><\/figure>\n\n\n\n<figure class=\"wp-block-image size-large\"><img loading=\"lazy\" decoding=\"async\" width=\"975\" height=\"1024\" data-id=\"39\" src=\"https:\/\/www.4810restaurant.com\/wp-content\/uploads\/2023\/12\/LENA-975x1024.png\" alt=\"\" class=\"wp-image-39\" srcset=\"https:\/\/www.4810restaurant.com\/wp-content\/uploads\/2023\/12\/LENA-975x1024.png 975w, https:\/\/www.4810restaurant.com\/wp-content\/uploads\/2023\/12\/LENA-286x300.png 286w, https:\/\/www.4810restaurant.com\/wp-content\/uploads\/2023\/12\/LENA-768x806.png 768w, https:\/\/www.4810restaurant.com\/wp-content\/uploads\/2023\/12\/LENA.png 1164w\" sizes=\"auto, (max-width: 975px) 100vw, 975px\" \/><figcaption class=\"wp-element-caption\">Lena MICHEL , CHEF du 4810<\/figcaption><\/figure>\n<\/figure>\n\n\n\n<p>Form\u00e9e dans les meilleurs \u00e9tablissements \u00e9toil\u00e9s, <mark style=\"background-color:rgba(0, 0, 0, 0)\" class=\"has-inline-color has-vivid-cyan-blue-color\">Lena Michel<\/mark> vous propose une cuisine g\u00e9n\u00e9reuse \u00e9labor\u00e9e \u00e0 base de produits frais de saison, pour un r\u00e9gal des papilles, aux saveurs originales.<\/p>\n\n\n\n<p>V\u00e9g\u00e9tariens, allergiques au gluten ou Vegans, vous trouverez aussi dans la cuisine de <mark style=\"background-color:rgba(0, 0, 0, 0)\" class=\"has-inline-color has-vivid-cyan-blue-color\">Lena <\/mark>des propositions originales. N&#8217;h\u00e9sitez pas \u00e0 nous faire part de vos souhaits..<\/p>\n\n\n\n<p>Les enfants vont ador\u00e9 nos plats pr\u00e9par\u00e9s pour eux, pour une exp\u00e9rience toujours renouvel\u00e9e.<\/p>\n\n\n\n<p>Pensez \u00e0 r\u00e9server&#8230;.<\/p>\n\n\n\n<p><\/p>\n","protected":false},"excerpt":{"rendered":"<p>Notre jeune Chef Lena Michel et son \u00e9quipe vous accueille pour un d\u00e9jeuner ou un diner convivial \u00e0 2 ou 50&#8230;. Form\u00e9e dans les meilleurs \u00e9tablissements \u00e9toil\u00e9s, Lena Michel vous propose une cuisine g\u00e9n\u00e9reuse \u00e9labor\u00e9e \u00e0 base de produits frais de saison, pour un r\u00e9gal des papilles, aux saveurs originales. V\u00e9g\u00e9tariens, allergiques au gluten ou [&hellip;]<\/p>\n","protected":false},"author":1,"featured_media":62,"parent":0,"menu_order":0,"comment_status":"open","ping_status":"closed","template":"template-home.php","meta":{"footnotes":""},"class_list":["post-2","page","type-page","status-publish","has-post-thumbnail","hentry"],"_links":{"self":[{"href":"https:\/\/www.4810restaurant.com\/index.php\/wp-json\/wp\/v2\/pages\/2","targetHints":{"allow":["GET"]}}],"collection":[{"href":"https:\/\/www.4810restaurant.com\/index.php\/wp-json\/wp\/v2\/pages"}],"about":[{"href":"https:\/\/www.4810restaurant.com\/index.php\/wp-json\/wp\/v2\/types\/page"}],"author":[{"embeddable":true,"href":"https:\/\/www.4810restaurant.com\/index.php\/wp-json\/wp\/v2\/users\/1"}],"replies":[{"embeddable":true,"href":"https:\/\/www.4810restaurant.com\/index.php\/wp-json\/wp\/v2\/comments?post=2"}],"version-history":[{"count":22,"href":"https:\/\/www.4810restaurant.com\/index.php\/wp-json\/wp\/v2\/pages\/2\/revisions"}],"predecessor-version":[{"id":141,"href":"https:\/\/www.4810restaurant.com\/index.php\/wp-json\/wp\/v2\/pages\/2\/revisions\/141"}],"wp:featuredmedia":[{"embeddable":true,"href":"https:\/\/www.4810restaurant.com\/index.php\/wp-json\/wp\/v2\/media\/62"}],"wp:attachment":[{"href":"https:\/\/www.4810restaurant.com\/index.php\/wp-json\/wp\/v2\/media?parent=2"}],"curies":[{"name":"wp","href":"https:\/\/api.w.org\/{rel}","templated":true}]}}